{"id":478,"date":"2026-02-03T14:57:10","date_gmt":"2026-02-03T06:57:10","guid":{"rendered":"https:\/\/hrtcry.com\/?post_type=product&#038;p=478"},"modified":"2026-04-19T16:43:37","modified_gmt":"2026-04-19T08:43:37","slug":"raw-uruguayan-amethyst-cluster-metaphysical-fortune-aura-cleansing-stone","status":"publish","type":"product","link":"https:\/\/hrtcry.com\/et\/toode\/toores-uruguai-ametust-klastri-metafuusiline-onne-aurat-puhastav-kivi\/","title":{"rendered":"Toores uruguai amet\u00fcstikobar - p\u00fcha aura puhastamine ja jumalik vaimne \u00f5nnekristall"},"content":{"rendered":"<div>Pehme jumaliku violetse valgusega ujutatud looduslik uruguai toor-Amet\u00fcst kobar omab s\u00fcgavat vaimset sagedust ja iidset tervendavat j\u00f5udu.<\/div>\n<div><\/div>\n<div>\n<p>See on \u00fclimalt hingede rahustav kristall, mis on s\u00fcgavalt seotud teie k\u00f5rgema teadvuse ja vaimse maailmaga.<\/p>\n<div><\/div>\n<p>See puhastab kiiresti kogu teie aurat, hajutab tihedad negatiivsed vibratsioonid, puhastab karmase udu ja peseb \u00e4ra emotsionaalse raskuse, mis t\u00fchjendab teie vaimu.<\/p>\n<\/div>\n<div><\/div>\n<div>\n<p>See p\u00fcha amet\u00fcstikompleks \u00e4ratab teie sisemise intuitsiooni, avab teie kolmanda silma ja tugevdab teie vaimset \u00fchendust.<\/p>\n<div><\/div>\n<p>See rahustab rahutust, leevendab \u00e4revust, toob s\u00fcgava sisemise rahu ja t\u00e4idab teie ruumi \u00f5rna, p\u00fcha k\u00f5rge vibratsiooniga energiaga.<\/p>\n<\/div>\n<div><\/div>\n<div>\n<p>V\u00f5imsa \u00f5nne kandva talismanina toob teie ellu vaimset \u00f5nnistust, vaikset \u00f5nne ja harmoonilist energiavoolu.<\/p>\n<div><\/div>\n<p>See kaitseb teie vaimset v\u00e4lja, hoiab \u00e4ra madala sagedusega h\u00e4ired ja loob puhta, p\u00fcha p\u00fchapaiga meditatsiooniks, palvetamiseks ja energia tervendamiseks.<\/p>\n<\/div>\n<div><\/div>\n<div>\n<p>See toob vaimseid \u00f5nnistusi\uff1a<\/p>\n<div><\/div>\n<p>\ud83d\udd2e Puhastage aura ja puhastage k\u00f5ik tumedad, seisvad energiad.<\/p>\n<div><\/div>\n<p>\ud83d\udd2e \u00e4ratada intuitsiooni, suurendada vaimset tajumist<\/p>\n<div><\/div>\n<p>\ud83d\udd2e Parandada emotsionaalset kaost ja rahustada rahutut hinge<\/p>\n<div><\/div>\n<p>\ud83d\udd2e t\u00f5mbab ligi jumalikke \u00f5nnistusi, vaimset \u00f5nne ja p\u00fcsivat k\u00fcllust.<\/p>\n<div><\/div>\n<p>\ud83d\udd2e T\u00f5sta isiklikku vibratsiooni vaimseks kasvuks<\/p>\n<\/div>\n<div><\/div>\n<div>\n<p>puutumata toores kobarikuju, s\u00e4ilitades maa algse p\u00fcha energia -<\/p>\n<div><\/div>\n<p>teie k\u00f5ige \u00f5rnem vaimne kaitsja ja manifesteerimisvahend rahu, selguse ja p\u00fcha \u00f5nne saavutamiseks.<\/p>\n<\/div>\n<div><\/div>","protected":false},"excerpt":{"rendered":"<p>See Uruguay Artigase piirkonnas k\u00e4sitsi kaevandatud toores amet\u00fcstikobar on v\u00f5imas metaf\u00fc\u00fcsiline vahend seisva energia puhastamiseks ja transformatiivse \u00f5nne ligimeelitamiseks teie ellu ja ruumidesse.<\/p>","protected":false},"featured_media":409,"comment_status":"open","ping_status":"closed","template":"","meta":[],"product_brand":[],"product_cat":[158,160],"product_tag":[137,134,135,133,132,138,136,129],"class_list":{"0":"post-478","1":"product","2":"type-product","3":"status-publish","4":"has-post-thumbnail","6":"product_cat-energy-crystals","7":"product_cat-raw-crystals","8":"product_tag-artisanal-mineral","9":"product_tag-energy-cleansing-stone","10":"product_tag-fortune-crystal","11":"product_tag-metaphysical-crystal","12":"product_tag-raw-amethyst-cluster","13":"product_tag-spiritual-home-decor","14":"product_tag-transformation-crystal","15":"product_tag-uruguayan-amethyst","17":"first","18":"instock","19":"taxable","20":"shipping-taxable","21":"purchasable","22":"product-type-simple"},"jetpack_sharing_enabled":true,"_links":{"self":[{"href":"https:\/\/hrtcry.com\/et\/wp-json\/wp\/v2\/product\/478","targetHints":{"allow":["GET"]}}],"collection":[{"href":"https:\/\/hrtcry.com\/et\/wp-json\/wp\/v2\/product"}],"about":[{"href":"https:\/\/hrtcry.com\/et\/wp-json\/wp\/v2\/types\/product"}],"replies":[{"embeddable":true,"href":"https:\/\/hrtcry.com\/et\/wp-json\/wp\/v2\/comments?post=478"}],"wp:featuredmedia":[{"embeddable":true,"href":"https:\/\/hrtcry.com\/et\/wp-json\/wp\/v2\/media\/409"}],"wp:attachment":[{"href":"https:\/\/hrtcry.com\/et\/wp-json\/wp\/v2\/media?parent=478"}],"wp:term":[{"taxonomy":"product_brand","embeddable":true,"href":"https:\/\/hrtcry.com\/et\/wp-json\/wp\/v2\/product_brand?post=478"},{"taxonomy":"product_cat","embeddable":true,"href":"https:\/\/hrtcry.com\/et\/wp-json\/wp\/v2\/product_cat?post=478"},{"taxonomy":"product_tag","embeddable":true,"href":"https:\/\/hrtcry.com\/et\/wp-json\/wp\/v2\/product_tag?post=478"}],"curies":[{"name":"wp","href":"https:\/\/api.w.org\/{rel}","templated":true}]}}