{"id":497,"date":"2026-02-03T15:34:45","date_gmt":"2026-02-03T07:34:45","guid":{"rendered":"https:\/\/hrtcry.com\/?post_type=product&#038;p=497"},"modified":"2026-03-31T13:06:58","modified_gmt":"2026-03-31T05:06:58","slug":"hand-painted-circular-thangka-pendant-sacred-blessings-in-compact-form","status":"publish","type":"product","link":"https:\/\/hrtcry.com\/et\/toode\/kasitsi-maalitud-ummargune-thangka-ripats-puhad-onnistused-kompaktsel-kujul\/","title":{"rendered":"K\u00e4sitsi maalitud \u00fcmmargune Thangka ripats - P\u00fcha \u00f5nnistus kompaktses vormis"},"content":{"rendered":"<p>Kandke p\u00fcha kunsti miniatuurset meistriteost s\u00fcdamel\u00e4hedaselt selle k\u00e4sitsi maalitud \u00fcmmarguse Thangka ripatsiga - iga unikaalne disain on hoolikalt kureeritud ja \u00f5nnistatud, et olla kaasaskantav vaimse kaitse, positiivse energia ja teie k\u00f5rgeima teega vastavusse viimise allikas.<\/p>","protected":false},"excerpt":{"rendered":"<p>Iga k\u00e4sitsi maalitud \u00fcmmargune Thangka ripats on ainulaadne tiibeti p\u00fchade energiatega t\u00e4idetud amulett, mis on valitud selleks, et pakkuda teile isiklikku kaitset ja vaimset joondumist.<\/p>","protected":false},"featured_media":498,"comment_status":"open","ping_status":"closed","template":"","meta":[],"product_brand":[],"product_cat":[162,157],"product_tag":[155,154,152,153,156],"class_list":{"0":"post-497","1":"product","2":"type-product","3":"status-publish","4":"has-post-thumbnail","6":"product_cat-thangka-pendant","7":"product_cat-thangkas","8":"product_tag-blessed-energy-pendant","9":"product_tag-circular-spiritual-jewelry","10":"product_tag-hand-painted-thangka-pendant","11":"product_tag-sacred-tibetan-amulet","12":"product_tag-tibetan-art-jewelry","14":"first","15":"instock","16":"taxable","17":"shipping-taxable","18":"purchasable","19":"product-type-simple"},"jetpack_sharing_enabled":true,"_links":{"self":[{"href":"https:\/\/hrtcry.com\/et\/wp-json\/wp\/v2\/product\/497","targetHints":{"allow":["GET"]}}],"collection":[{"href":"https:\/\/hrtcry.com\/et\/wp-json\/wp\/v2\/product"}],"about":[{"href":"https:\/\/hrtcry.com\/et\/wp-json\/wp\/v2\/types\/product"}],"replies":[{"embeddable":true,"href":"https:\/\/hrtcry.com\/et\/wp-json\/wp\/v2\/comments?post=497"}],"wp:featuredmedia":[{"embeddable":true,"href":"https:\/\/hrtcry.com\/et\/wp-json\/wp\/v2\/media\/498"}],"wp:attachment":[{"href":"https:\/\/hrtcry.com\/et\/wp-json\/wp\/v2\/media?parent=497"}],"wp:term":[{"taxonomy":"product_brand","embeddable":true,"href":"https:\/\/hrtcry.com\/et\/wp-json\/wp\/v2\/product_brand?post=497"},{"taxonomy":"product_cat","embeddable":true,"href":"https:\/\/hrtcry.com\/et\/wp-json\/wp\/v2\/product_cat?post=497"},{"taxonomy":"product_tag","embeddable":true,"href":"https:\/\/hrtcry.com\/et\/wp-json\/wp\/v2\/product_tag?post=497"}],"curies":[{"name":"wp","href":"https:\/\/api.w.org\/{rel}","templated":true}]}}