{"id":506,"date":"2026-02-03T20:23:21","date_gmt":"2026-02-03T12:23:21","guid":{"rendered":"https:\/\/hrtcry.com\/?post_type=product&#038;p=506"},"modified":"2026-03-31T13:06:55","modified_gmt":"2026-03-31T05:06:55","slug":"hand-painted-cundi-buddha-thangka-pendant-spiritual-protection-amulet","status":"publish","type":"product","link":"https:\/\/hrtcry.com\/et\/toode\/kasitsi-maalitud-cundi-buddha-thangka-ripats-vaimse-kaitse-amulett\/","title":{"rendered":"K\u00e4sitsi maalitud Cundi Buddha Thangka ripats, vaimse kaitse amulett"},"content":{"rendered":"<p>See k\u00e4sitsi maalitud Cundi Buddha Thangka ripats p\u00e4rineb Himaalaja p\u00fchadest orgudest ja kujutab endast kantavat p\u00fchakoda, mis on l\u00e4bi imbunud 300 aastat kestnud katkematust Tiibeti vaimsest k\u00e4sit\u00f6\u00f6st. Iga pintslit\u00f5mbe mineraalse pigmendi kannab peale kolmanda p\u00f5lvkonna meister, kes t\u00f6\u00f6 k\u00e4igus laulab mantraid, et anda teosele kaitse, tarkuse ja harmoonilise energia kavatsused. see kaasaskantav amulett on raamitud poleeritud vasest, et s\u00e4ilitada selle elavat v\u00e4rvi ja p\u00fcha laengut aastak\u00fcmneteks.<\/p>","protected":false},"excerpt":{"rendered":"<p>100% Tiibeti k\u00e4sit\u00f6\u00f6liste poolt k\u00e4sitsi maalitud kaasaskantav Cundi Buddha Thangka on l\u00e4bi imbunud p\u00fchast energiast, et tuua kandjale kaitset, tarkust ja harmooniat.<\/p>","protected":false},"featured_media":509,"comment_status":"open","ping_status":"closed","template":"","meta":[],"product_brand":[],"product_cat":[162],"product_tag":[],"class_list":{"0":"post-506","1":"product","2":"type-product","3":"status-publish","4":"has-post-thumbnail","6":"product_cat-thangka-pendant","8":"first","9":"instock","10":"taxable","11":"shipping-taxable","12":"purchasable","13":"product-type-simple"},"jetpack_sharing_enabled":true,"_links":{"self":[{"href":"https:\/\/hrtcry.com\/et\/wp-json\/wp\/v2\/product\/506","targetHints":{"allow":["GET"]}}],"collection":[{"href":"https:\/\/hrtcry.com\/et\/wp-json\/wp\/v2\/product"}],"about":[{"href":"https:\/\/hrtcry.com\/et\/wp-json\/wp\/v2\/types\/product"}],"replies":[{"embeddable":true,"href":"https:\/\/hrtcry.com\/et\/wp-json\/wp\/v2\/comments?post=506"}],"wp:featuredmedia":[{"embeddable":true,"href":"https:\/\/hrtcry.com\/et\/wp-json\/wp\/v2\/media\/509"}],"wp:attachment":[{"href":"https:\/\/hrtcry.com\/et\/wp-json\/wp\/v2\/media?parent=506"}],"wp:term":[{"taxonomy":"product_brand","embeddable":true,"href":"https:\/\/hrtcry.com\/et\/wp-json\/wp\/v2\/product_brand?post=506"},{"taxonomy":"product_cat","embeddable":true,"href":"https:\/\/hrtcry.com\/et\/wp-json\/wp\/v2\/product_cat?post=506"},{"taxonomy":"product_tag","embeddable":true,"href":"https:\/\/hrtcry.com\/et\/wp-json\/wp\/v2\/product_tag?post=506"}],"curies":[{"name":"wp","href":"https:\/\/api.w.org\/{rel}","templated":true}]}}