{"id":556,"date":"2026-02-04T19:57:41","date_gmt":"2026-02-04T11:57:41","guid":{"rendered":"https:\/\/hrtcry.com\/?post_type=product&#038;p=556"},"modified":"2026-02-04T23:24:32","modified_gmt":"2026-02-04T15:24:32","slug":"master-approved-giclee-thangka-frame-art-metaphysical-spiritual-protection-wisdom-activation-%e5%a4%8d%e5%88%b6","status":"publish","type":"product","link":"https:\/\/hrtcry.com\/et\/toode\/master-heakskiidetud-giclee-thangka-raam-kunst-metafuusiline-vaimne-kaitse-tarkuse-aktiveerimine\/","title":{"rendered":"Meistri poolt heaks kiidetud Gicl\u00e9e Thangka raamkunst - metaf\u00fc\u00fcsiline vaimne kaitse ja tarkuse aktiveerimine"},"content":{"rendered":"<p>\u8fd9\u4ef6\u535a\u7269\u9986\u7ea7\u5510\u5361\u827a\u672f\u54c1\u91c7\u7528\u6863\u6848\u55b7\u6d82\u5de5\u827a\u5236\u4f5c\uff0c\u6388\u6743\u7531\u85cf\u65cf\u5de5\u5320\u624b\u7ed8\u5927\u5e08\u521b\u4f5c\u3002\u9ad8\u6e05\u590d\u5236\u54c1\u4fdd\u7559\u4e86\u539f\u4f5c\u7684\u6bcf\u4e00\u4e2a\u795e\u5723\u7ec6\u8282\u3001\u7b14\u89e6\u7ec6\u817b\u548c\u8c61\u5f81\u8272\u5f69\uff0c\u4f7f\u5176\u6210\u4e3a\u627f\u8f7d\u7cbe\u795e\u4fdd\u62a4\u4e0e\u667a\u6167\u6fc0\u6d3b\u7684\u5f62\u800c\u4e0a\u610f\u56fe\u7684\u8f7d\u4f53\u3002<\/p>","protected":false},"excerpt":{"rendered":"<p>See muuseumikvaliteediga gicl\u00e9e-tr\u00fckk on Tiibeti kunstnike poolt autoriseeritud originaalt\u00f6\u00f6lt, kasutades arhivaalidel p\u00f5hinevaid mineraalseid tinte, et s\u00e4ilitada iga p\u00fcha detail, s\u00fcmboolne toon ja energiline n\u00fcanss k\u00e4sitsi maalitud originaalist. See Tiibeti metaf\u00fc\u00fcsilises traditsioonis juurdunud teos on hinnatud kui v\u00f5imas vahend tarkuse aktiveerimiseks ja teie ruumi kaitsmiseks k\u00f5rge vibratsiooniga kaitsva energiaga. Arvatakse, et see aitab puhastada vaimset segadust, suurendada intuitiivset arusaamist ja viia teie v\u00e4li vastavusse sagedustega, mis meelitavad teie ellu sihip\u00e4raseid v\u00f5imalusi ja s\u00fcgavat vaimset kasvu.{Eks unikaalselt kureeritud Thangka muster valitakse ja saadetakse teie tellimuse jaoks juhuslikult - iga t\u00fckk on hoolikalt valitud selle vaimse resonantsi ja kunstilise kvaliteedi j\u00e4rgi, et tagada, et saate t\u00e4hendusliku, k\u00f5rge vibratsiooniga aarde}[Iga k\u00e4sitsi kureeritud t\u00fcki unikaalse, energiaga t\u00e4idetud olemuse t\u00f5ttu m\u00fc\u00fcakse see toode l\u00f5plikult ja seda ei saa tagastada].","protected":false},"featured_media":490,"comment_status":"open","ping_status":"closed","template":"","meta":[],"product_brand":[],"product_cat":[163],"product_tag":[145,151,149,144,148,150,146,147],"class_list":{"0":"post-556","1":"product","2":"type-product","3":"status-publish","4":"has-post-thumbnail","6":"product_cat-framed-thangka-wall-art","7":"product_tag-giclee-thangka-print","8":"product_tag-high-vibration-art","9":"product_tag-metaphysical-wall-art","10":"product_tag-museum-grade-thangka","11":"product_tag-spiritual-protection-decor","12":"product_tag-tibetan-artisan-decor","13":"product_tag-tibetan-spiritual-art","14":"product_tag-wisdom-activation-art","15":"pa_size-dimensions-141","17":"first","18":"instock","19":"taxable","20":"shipping-taxable","21":"purchasable","22":"product-type-simple"},"jetpack_sharing_enabled":true,"_links":{"self":[{"href":"https:\/\/hrtcry.com\/et\/wp-json\/wp\/v2\/product\/556","targetHints":{"allow":["GET"]}}],"collection":[{"href":"https:\/\/hrtcry.com\/et\/wp-json\/wp\/v2\/product"}],"about":[{"href":"https:\/\/hrtcry.com\/et\/wp-json\/wp\/v2\/types\/product"}],"replies":[{"embeddable":true,"href":"https:\/\/hrtcry.com\/et\/wp-json\/wp\/v2\/comments?post=556"}],"wp:featuredmedia":[{"embeddable":true,"href":"https:\/\/hrtcry.com\/et\/wp-json\/wp\/v2\/media\/490"}],"wp:attachment":[{"href":"https:\/\/hrtcry.com\/et\/wp-json\/wp\/v2\/media?parent=556"}],"wp:term":[{"taxonomy":"product_brand","embeddable":true,"href":"https:\/\/hrtcry.com\/et\/wp-json\/wp\/v2\/product_brand?post=556"},{"taxonomy":"product_cat","embeddable":true,"href":"https:\/\/hrtcry.com\/et\/wp-json\/wp\/v2\/product_cat?post=556"},{"taxonomy":"product_tag","embeddable":true,"href":"https:\/\/hrtcry.com\/et\/wp-json\/wp\/v2\/product_tag?post=556"}],"curies":[{"name":"wp","href":"https:\/\/api.w.org\/{rel}","templated":true}]}}