{"id":566,"date":"2026-02-04T20:13:54","date_gmt":"2026-02-04T12:13:54","guid":{"rendered":"https:\/\/hrtcry.com\/?post_type=product&#038;p=566"},"modified":"2026-03-30T22:26:07","modified_gmt":"2026-03-30T14:26:07","slug":"earth-aligned-citrine-energy-pendant","status":"publish","type":"product","link":"https:\/\/hrtcry.com\/et\/toode\/maa-uhendatud-tsitriini-energia-ripats\/","title":{"rendered":"Maa-joondatud tsitriini energia ripats"},"content":{"rendered":"<p>K\u00e4sitsi valmistatud looduslikust Uruguay tsitriinist, see ripats resoneerib Maa elemendi maandava sagedusega, aidates teil stabiliseerida oma sisemist j\u00f5udu, suurendada t\u00e4itmisv\u00f5imet ja manifesteerida oma eesm\u00e4rke k\u00e4egakatsutavate tulemustega. Selle soe kuldne valgus hajutab \u00e4revust ja segadust, tuues turvatunnet ja stabiilset loomingulist motivatsiooni, muutes selle ideaalseks kaaslaseks karj\u00e4\u00e4ri kasvuks ja rikkuse avaldumiseks.<\/p>","protected":false},"excerpt":{"rendered":"<p>See Maaga koosk\u00f5las olev tsitriini ripats maandab teie energiat, suurendab teie tegutsemisv\u00f5imet ja meelitab k\u00fcllust, muutes teie ambitsioonid k\u00e4egakatsutavaks reaalsuseks.<\/p>","protected":false},"featured_media":563,"comment_status":"open","ping_status":"closed","template":"","meta":[],"product_brand":[],"product_cat":[159],"product_tag":[],"class_list":{"0":"post-566","1":"product","2":"type-product","3":"status-publish","4":"has-post-thumbnail","6":"product_cat-vibrational-energy-pendants","8":"first","9":"instock","10":"taxable","11":"shipping-taxable","12":"purchasable","13":"product-type-simple"},"jetpack_sharing_enabled":true,"_links":{"self":[{"href":"https:\/\/hrtcry.com\/et\/wp-json\/wp\/v2\/product\/566","targetHints":{"allow":["GET"]}}],"collection":[{"href":"https:\/\/hrtcry.com\/et\/wp-json\/wp\/v2\/product"}],"about":[{"href":"https:\/\/hrtcry.com\/et\/wp-json\/wp\/v2\/types\/product"}],"replies":[{"embeddable":true,"href":"https:\/\/hrtcry.com\/et\/wp-json\/wp\/v2\/comments?post=566"}],"wp:featuredmedia":[{"embeddable":true,"href":"https:\/\/hrtcry.com\/et\/wp-json\/wp\/v2\/media\/563"}],"wp:attachment":[{"href":"https:\/\/hrtcry.com\/et\/wp-json\/wp\/v2\/media?parent=566"}],"wp:term":[{"taxonomy":"product_brand","embeddable":true,"href":"https:\/\/hrtcry.com\/et\/wp-json\/wp\/v2\/product_brand?post=566"},{"taxonomy":"product_cat","embeddable":true,"href":"https:\/\/hrtcry.com\/et\/wp-json\/wp\/v2\/product_cat?post=566"},{"taxonomy":"product_tag","embeddable":true,"href":"https:\/\/hrtcry.com\/et\/wp-json\/wp\/v2\/product_tag?post=566"}],"curies":[{"name":"wp","href":"https:\/\/api.w.org\/{rel}","templated":true}]}}