{"id":567,"date":"2026-02-04T20:17:02","date_gmt":"2026-02-04T12:17:02","guid":{"rendered":"https:\/\/hrtcry.com\/?post_type=product&#038;p=567"},"modified":"2026-03-30T22:26:06","modified_gmt":"2026-03-30T14:26:06","slug":"metal-element-natural-clear-quartz-energy-pendant","status":"publish","type":"product","link":"https:\/\/hrtcry.com\/et\/toode\/metallist-element-looduslik-selge-kvarts-energia-ripats\/","title":{"rendered":"Metal Element Natural Clear Quartz Energia Ripats"},"content":{"rendered":"<p>K\u00e4sit\u00f6\u00f6na looduslikust puhtast kvartsist valmistatud ripats resoneerib puhta, keskendunud energia elemendi metalliga, mis on tuntud vaimse selguse, strateegilise m\u00f5tlemise ja otsustava tegutsemise v\u00f5imendajana. Selle kristallselge vorm toimib energeetilise v\u00f5imendajana, mis l\u00f5ikab l\u00e4bi vaimse udu, et teravdada oma otsustusv\u00f5imet ja viia oma kavatsused vastavusse k\u00e4egakatsutavate tulemustega. Lisaks vaimsele keskendumisele \u00fchtlustab see ka teie energiav\u00e4lja k\u00fclluse ja strateegilise edu sagedustega, muutes selle v\u00f5imsaks vahendiks karj\u00e4\u00e4ri edendamiseks ja eesm\u00e4rkide t\u00e4pseks ja sihip\u00e4raseks saavutamiseks.<\/p>","protected":false},"excerpt":{"rendered":"<p>See metalliga koosk\u00f5las olev selge kvarts ripats teravdab vaimset selgust, parandab otsustusv\u00f5imet ja viib teie energia vastavusse k\u00fclluse ja strateegilise edu sagedusega.<\/p>","protected":false},"featured_media":564,"comment_status":"open","ping_status":"closed","template":"","meta":[],"product_brand":[],"product_cat":[159],"product_tag":[],"class_list":{"0":"post-567","1":"product","2":"type-product","3":"status-publish","4":"has-post-thumbnail","6":"product_cat-vibrational-energy-pendants","8":"first","9":"instock","10":"taxable","11":"shipping-taxable","12":"purchasable","13":"product-type-simple"},"jetpack_sharing_enabled":true,"_links":{"self":[{"href":"https:\/\/hrtcry.com\/et\/wp-json\/wp\/v2\/product\/567","targetHints":{"allow":["GET"]}}],"collection":[{"href":"https:\/\/hrtcry.com\/et\/wp-json\/wp\/v2\/product"}],"about":[{"href":"https:\/\/hrtcry.com\/et\/wp-json\/wp\/v2\/types\/product"}],"replies":[{"embeddable":true,"href":"https:\/\/hrtcry.com\/et\/wp-json\/wp\/v2\/comments?post=567"}],"wp:featuredmedia":[{"embeddable":true,"href":"https:\/\/hrtcry.com\/et\/wp-json\/wp\/v2\/media\/564"}],"wp:attachment":[{"href":"https:\/\/hrtcry.com\/et\/wp-json\/wp\/v2\/media?parent=567"}],"wp:term":[{"taxonomy":"product_brand","embeddable":true,"href":"https:\/\/hrtcry.com\/et\/wp-json\/wp\/v2\/product_brand?post=567"},{"taxonomy":"product_cat","embeddable":true,"href":"https:\/\/hrtcry.com\/et\/wp-json\/wp\/v2\/product_cat?post=567"},{"taxonomy":"product_tag","embeddable":true,"href":"https:\/\/hrtcry.com\/et\/wp-json\/wp\/v2\/product_tag?post=567"}],"curies":[{"name":"wp","href":"https:\/\/api.w.org\/{rel}","templated":true}]}}