{"id":568,"date":"2026-02-04T20:21:39","date_gmt":"2026-02-04T12:21:39","guid":{"rendered":"https:\/\/hrtcry.com\/?post_type=product&#038;p=568"},"modified":"2026-03-30T22:25:53","modified_gmt":"2026-03-30T14:25:53","slug":"wood-element-green-crystal-energy-pendant","status":"publish","type":"product","link":"https:\/\/hrtcry.com\/et\/toode\/puuelement-roheline-kristall-energia-ripats\/","title":{"rendered":"Puidust element roheline kristall energia ripats"},"content":{"rendered":"<p>See ripats, mis on kaevandatud s\u00fcgaval Brasiilia iidsetest kristallveenidest ja k\u00e4sitsi viimistletud, et r\u00f5hutada selle lopsakalt rohelist selgust, on v\u00f5imas anuma, mis kannab endas puuelemendi elu andvat energiat. Erinevalt puidust dekoratsioonist v\u00f5imendab selle kristalliline struktuur kasvu, laienemise ja uue alguse kavatsusi - ideaalne k\u00f5igile, kes soovivad k\u00e4ivitada projekti, murda loomingulisi blokeeringuid v\u00f5i meelitada ligi positiivseid muutusi. Kivi looduslik roheline valgus lahustab teie valdkonnas seisvat energiat, \u00fchendades teid samal ajal looduse pideva uuenemise peatamatu hoovusega, aidates teie eesm\u00e4rkidel juurduda ja areneda.<\/p>","protected":false},"excerpt":{"rendered":"<p>See looduslik roheline kristall ripats, mis on saadud otse Brasiilia mineraalide veenidest, on koosk\u00f5las viie elemendi teooria puuelemendiga, \u00e4ratades teie loovust, kiirendades teie eesm\u00e4rkide saavutamist ning meelitades teie ellu uusi v\u00f5imalusi ja kasvu energiat.<\/p>","protected":false},"featured_media":565,"comment_status":"open","ping_status":"closed","template":"","meta":[],"product_brand":[],"product_cat":[159],"product_tag":[],"class_list":{"0":"post-568","1":"product","2":"type-product","3":"status-publish","4":"has-post-thumbnail","6":"product_cat-vibrational-energy-pendants","8":"first","9":"instock","10":"taxable","11":"shipping-taxable","12":"purchasable","13":"product-type-simple"},"jetpack_sharing_enabled":true,"_links":{"self":[{"href":"https:\/\/hrtcry.com\/et\/wp-json\/wp\/v2\/product\/568","targetHints":{"allow":["GET"]}}],"collection":[{"href":"https:\/\/hrtcry.com\/et\/wp-json\/wp\/v2\/product"}],"about":[{"href":"https:\/\/hrtcry.com\/et\/wp-json\/wp\/v2\/types\/product"}],"replies":[{"embeddable":true,"href":"https:\/\/hrtcry.com\/et\/wp-json\/wp\/v2\/comments?post=568"}],"wp:featuredmedia":[{"embeddable":true,"href":"https:\/\/hrtcry.com\/et\/wp-json\/wp\/v2\/media\/565"}],"wp:attachment":[{"href":"https:\/\/hrtcry.com\/et\/wp-json\/wp\/v2\/media?parent=568"}],"wp:term":[{"taxonomy":"product_brand","embeddable":true,"href":"https:\/\/hrtcry.com\/et\/wp-json\/wp\/v2\/product_brand?post=568"},{"taxonomy":"product_cat","embeddable":true,"href":"https:\/\/hrtcry.com\/et\/wp-json\/wp\/v2\/product_cat?post=568"},{"taxonomy":"product_tag","embeddable":true,"href":"https:\/\/hrtcry.com\/et\/wp-json\/wp\/v2\/product_tag?post=568"}],"curies":[{"name":"wp","href":"https:\/\/api.w.org\/{rel}","templated":true}]}}