{"id":570,"date":"2026-02-04T23:52:28","date_gmt":"2026-02-04T15:52:28","guid":{"rendered":"https:\/\/hrtcry.com\/?post_type=product&#038;p=570"},"modified":"2026-03-31T13:07:07","modified_gmt":"2026-03-31T05:07:07","slug":"artisanal-black-jambhala-wealth-amulet","status":"publish","type":"product","link":"https:\/\/hrtcry.com\/et\/toode\/kasitoonduslik-must-jambhala-rikkuse-amulett\/","title":{"rendered":"K\u00e4sit\u00f6\u00f6nduslik must Jambhala rikkuse amulett"},"content":{"rendered":"<p>Olen aastate jooksul kandnud k\u00fcmneid amulette, kuid \u00fckski neist ei ole muutnud minu suhet k\u00fcllusega nii palju kui see k\u00e4sitsi maalitud Must Jambhala ripats See ei ole masstoodang - iga kuldlehtede ja mineraalpigmendi joone on pannud maha lapsep\u00f5lvest peale Tiibeti kunstnik, keda on koolitatud lapsep\u00f5lvest peale, kes laulis selle teose \u00fcle 3 p\u00e4eva j\u00e4rjest \u00f5nnistusi, kui nad t\u00f6\u00f6tasid, olenemata sellest, kas te hoiate seda oma laual Dubai lepingu l\u00e4bir\u00e4\u00e4kimiste ajal v\u00f5i kinnitate selle oma kotile enne USA kliendipakkumist, see on vaikne meeldetuletus, et v\u00f5imalus soosib neid, kes ilmuvad kohale kavatsusega, millest iga\u00fcks on ainulaadse pintslit\u00f5mbega, mis teeb teie rikkuse ankru ainulaadseks...<\/p>","protected":false},"excerpt":{"rendered":"<p>Tiibeti k\u00e4sit\u00f6\u00f6liste poolt k\u00e4sitsi maalitud, kasutades mineraalseid pigmente ja kuldlehti, on see must Jambhala amulett rituaalselt \u00f5nnistatud, et k\u00f5rvaldada rahalised blokeeringud ja tuua teie ellu j\u00e4tkusuutlikku k\u00fcllust. Ainulaadne p\u00fcha ese tahtliku rikkuse manifesteerimiseks.<\/p>","protected":false},"featured_media":571,"comment_status":"open","ping_status":"closed","template":"","meta":[],"product_brand":[],"product_cat":[162],"product_tag":[164,170,128,168,167,169,166,171,165],"class_list":{"0":"post-570","1":"product","2":"type-product","3":"status-publish","4":"has-post-thumbnail","6":"product_cat-thangka-pendant","7":"product_tag-black-jambhala","8":"product_tag-dubai-luxury","9":"product_tag-energy-jewelry","10":"product_tag-financial-abundance","11":"product_tag-hand-painted-amulet","12":"product_tag-sacred-talisman","13":"product_tag-tibetan-thangka","14":"product_tag-us-spiritual-gift","15":"product_tag-wealth-amulet","17":"first","18":"instock","19":"taxable","20":"shipping-taxable","21":"purchasable","22":"product-type-simple"},"jetpack_sharing_enabled":true,"_links":{"self":[{"href":"https:\/\/hrtcry.com\/et\/wp-json\/wp\/v2\/product\/570","targetHints":{"allow":["GET"]}}],"collection":[{"href":"https:\/\/hrtcry.com\/et\/wp-json\/wp\/v2\/product"}],"about":[{"href":"https:\/\/hrtcry.com\/et\/wp-json\/wp\/v2\/types\/product"}],"replies":[{"embeddable":true,"href":"https:\/\/hrtcry.com\/et\/wp-json\/wp\/v2\/comments?post=570"}],"wp:featuredmedia":[{"embeddable":true,"href":"https:\/\/hrtcry.com\/et\/wp-json\/wp\/v2\/media\/571"}],"wp:attachment":[{"href":"https:\/\/hrtcry.com\/et\/wp-json\/wp\/v2\/media?parent=570"}],"wp:term":[{"taxonomy":"product_brand","embeddable":true,"href":"https:\/\/hrtcry.com\/et\/wp-json\/wp\/v2\/product_brand?post=570"},{"taxonomy":"product_cat","embeddable":true,"href":"https:\/\/hrtcry.com\/et\/wp-json\/wp\/v2\/product_cat?post=570"},{"taxonomy":"product_tag","embeddable":true,"href":"https:\/\/hrtcry.com\/et\/wp-json\/wp\/v2\/product_tag?post=570"}],"curies":[{"name":"wp","href":"https:\/\/api.w.org\/{rel}","templated":true}]}}