{"id":572,"date":"2026-02-04T23:57:16","date_gmt":"2026-02-04T15:57:16","guid":{"rendered":"https:\/\/hrtcry.com\/?post_type=product&#038;p=572"},"modified":"2026-04-26T15:23:09","modified_gmt":"2026-04-26T07:23:09","slug":"karmic-connection-thangka-pendant-past-present-life-talisman","status":"publish","type":"product","link":"https:\/\/hrtcry.com\/et\/toode\/karmiline-seos-thangka-ripats-mineviku-praegune-elu-talisman\/","title":{"rendered":"Karmiline \u00fchendus Thangka ripats: Talisman: Mineviku ja praeguse elu talisman"},"content":{"rendered":"<p>See k\u00e4sitsi maalitud Thangka \"Past &amp; Present Life\" ei ole lihtsalt ehe - see on visuaalne kaart teie hinge teekonnast, mis on kujutatud mineraalsete pigmentidega, mida on Tiibeti vaimses kunstis kasutatud juba \u00fcle aastatuhande. Iga pintslit\u00f5mbega j\u00e4lgitakse vaikseid niite, mis \u00fchendavad teie mineviku kogemusi teie praeguse teega, olles \u00f5rnaks juhiks, mis aitab teil \u00e4ra tunda karmamustreid ja v\u00f5tta vastu \u00f5ppetunde, mis viivad kasvuni. Kui seda kanda s\u00fcdame l\u00e4hedal, s\u00fcvendab see v\u00e4idetavalt eneseteadvust, ravib eelmiste elude lahendamata sidemeid ja viib teie praegused tegevused vastavusse teie k\u00f5rgeima hingesihiga. Iga t\u00fckk on ainulaadne, kandes kunstniku vaikset kavatsust, kes selle p\u00fcha jutustuse ellu viies \u00f5nnistusi laulis.<\/p>","protected":false},"excerpt":{"rendered":"<p>K\u00e4sitsi maalitud Tiibeti Thangka amulett, mis kujutab teie hinge karmilist teekonda l\u00e4bi eelmiste ja praeguste elude, on valmistatud mineraalsete pigmentidega ja \u00f5nnistatud, et tervendada vanu mustreid, s\u00fcvendada eneseteadvust ja viia teie praegune tee vastavusse teie k\u00f5rgeima eesm\u00e4rgiga.<\/p>","protected":false},"featured_media":573,"comment_status":"open","ping_status":"closed","template":"","meta":[],"product_brand":[],"product_cat":[162],"product_tag":[152,176,173,172,177,175,174,146],"class_list":{"0":"post-572","1":"product","2":"type-product","3":"status-publish","4":"has-post-thumbnail","6":"product_cat-thangka-pendant","7":"product_tag-hand-painted-thangka-pendant","8":"product_tag-karmic-healing-jewelry","9":"product_tag-karmic-journey-amulet","10":"product_tag-past-present-life-thangka","11":"product_tag-sacred-journey-art","12":"product_tag-self-awareness-amulet","13":"product_tag-soul-path-talisman","14":"product_tag-tibetan-spiritual-art","16":"first","17":"instock","18":"taxable","19":"shipping-taxable","20":"purchasable","21":"product-type-simple"},"jetpack_sharing_enabled":true,"_links":{"self":[{"href":"https:\/\/hrtcry.com\/et\/wp-json\/wp\/v2\/product\/572","targetHints":{"allow":["GET"]}}],"collection":[{"href":"https:\/\/hrtcry.com\/et\/wp-json\/wp\/v2\/product"}],"about":[{"href":"https:\/\/hrtcry.com\/et\/wp-json\/wp\/v2\/types\/product"}],"replies":[{"embeddable":true,"href":"https:\/\/hrtcry.com\/et\/wp-json\/wp\/v2\/comments?post=572"}],"wp:featuredmedia":[{"embeddable":true,"href":"https:\/\/hrtcry.com\/et\/wp-json\/wp\/v2\/media\/573"}],"wp:attachment":[{"href":"https:\/\/hrtcry.com\/et\/wp-json\/wp\/v2\/media?parent=572"}],"wp:term":[{"taxonomy":"product_brand","embeddable":true,"href":"https:\/\/hrtcry.com\/et\/wp-json\/wp\/v2\/product_brand?post=572"},{"taxonomy":"product_cat","embeddable":true,"href":"https:\/\/hrtcry.com\/et\/wp-json\/wp\/v2\/product_cat?post=572"},{"taxonomy":"product_tag","embeddable":true,"href":"https:\/\/hrtcry.com\/et\/wp-json\/wp\/v2\/product_tag?post=572"}],"curies":[{"name":"wp","href":"https:\/\/api.w.org\/{rel}","templated":true}]}}