{"id":580,"date":"2026-02-05T00:00:50","date_gmt":"2026-02-04T16:00:50","guid":{"rendered":"https:\/\/hrtcry.com\/?post_type=product&#038;p=580"},"modified":"2026-03-31T13:06:56","modified_gmt":"2026-03-31T05:06:56","slug":"six-armed-mahakala-thangka-pendant","status":"publish","type":"product","link":"https:\/\/hrtcry.com\/et\/toode\/kuus-relvastatud-mahakala-thangka-ripatsit\/","title":{"rendered":"Kuue-Armed Mahakala Thangka ripats"},"content":{"rendered":"<p>See k\u00e4sitsi maalitud kuuek\u00e4eline Mahakala Thangka ripats on Tiibeti budismis austusv\u00e4\u00e4rne kartmatu kaitse ja vaimse j\u00f5u s\u00fcmbol. Iga selle kuus k\u00e4tt hoiavad p\u00fcha t\u00f6\u00f6riista - alates tarkusem\u00f5\u00f5gast, mis l\u00f5ikab l\u00e4bi kahtluse, kuni aardevasseini, mis hoiab endas l\u00f5pmatuid \u00f5nnistusi - k\u00f5ik need on kujutatud elavate mineraalpigmentide ja 24k kullalehega Himaalaja meistrikunstnike poolt. Kui seda kanda s\u00fcdame l\u00e4hedal, siis usutakse, et see puhastab negatiivset energiat, t\u00f5rjub takistusi ja \u00e4ratab sisemise j\u00f5u, et julgelt vastu astuda elu v\u00e4ljakutsetele. Erinevalt masstoodanguna valmistatud talismanidest on see ese p\u00fchitsetud traditsiooniliste laulurituaalide abil, mis annab sellele tahtliku energia, et toetada teie teekonda kartmatuse ja k\u00fclluse poole.<\/p>","protected":false},"excerpt":{"rendered":"<p>See k\u00e4sitsi maalitud kuuek\u00e4eline Mahakala ripats on Tiibeti p\u00fcha kunstiteos, mis on rituaalselt \u00f5nnistatud, et t\u00f5rjuda negatiivsust, k\u00f5rvaldada elutakistused ja \u00e4ratada teie teekonnal vankumatu sisemine j\u00f5ud.<\/p>","protected":false},"featured_media":574,"comment_status":"open","ping_status":"closed","template":"","meta":[],"product_brand":[],"product_cat":[162],"product_tag":[182,179,185,181,178,183,184,180],"class_list":{"0":"post-580","1":"product","2":"type-product","3":"status-publish","4":"has-post-thumbnail","6":"product_cat-thangka-pendant","7":"product_tag-hand-painted-talisman","8":"product_tag-mahakala-thangka","9":"product_tag-obstacle-removing-talisman","10":"product_tag-sacred-art-pendant","11":"product_tag-six-armed-mahakala","12":"product_tag-spiritual-protection","13":"product_tag-tibetan-buddhism-art","14":"product_tag-tibetan-protection-amulet","16":"first","17":"instock","18":"taxable","19":"shipping-taxable","20":"purchasable","21":"product-type-simple"},"jetpack_sharing_enabled":true,"_links":{"self":[{"href":"https:\/\/hrtcry.com\/et\/wp-json\/wp\/v2\/product\/580","targetHints":{"allow":["GET"]}}],"collection":[{"href":"https:\/\/hrtcry.com\/et\/wp-json\/wp\/v2\/product"}],"about":[{"href":"https:\/\/hrtcry.com\/et\/wp-json\/wp\/v2\/types\/product"}],"replies":[{"embeddable":true,"href":"https:\/\/hrtcry.com\/et\/wp-json\/wp\/v2\/comments?post=580"}],"wp:featuredmedia":[{"embeddable":true,"href":"https:\/\/hrtcry.com\/et\/wp-json\/wp\/v2\/media\/574"}],"wp:attachment":[{"href":"https:\/\/hrtcry.com\/et\/wp-json\/wp\/v2\/media?parent=580"}],"wp:term":[{"taxonomy":"product_brand","embeddable":true,"href":"https:\/\/hrtcry.com\/et\/wp-json\/wp\/v2\/product_brand?post=580"},{"taxonomy":"product_cat","embeddable":true,"href":"https:\/\/hrtcry.com\/et\/wp-json\/wp\/v2\/product_cat?post=580"},{"taxonomy":"product_tag","embeddable":true,"href":"https:\/\/hrtcry.com\/et\/wp-json\/wp\/v2\/product_tag?post=580"}],"curies":[{"name":"wp","href":"https:\/\/api.w.org\/{rel}","templated":true}]}}