{"id":581,"date":"2026-02-05T00:04:47","date_gmt":"2026-02-04T16:04:47","guid":{"rendered":"https:\/\/hrtcry.com\/?post_type=product&#038;p=581"},"modified":"2026-02-27T12:27:14","modified_gmt":"2026-02-27T04:27:14","slug":"divine-feminine-protection-hand-painted-green-tara-thangka-amulet-for-womens-safety-wellbeing","status":"publish","type":"product","link":"https:\/\/hrtcry.com\/et\/toode\/jumalik-naiselik-kaitse-kasitsi-maalitud-roheline-tara-thangka-amulett-naiste-ohutuse-heaolu-eest\/","title":{"rendered":"Jumalik naiselik kaitse: Tara Thangka amulett naiste turvalisuse ja heaolu tagamiseks."},"content":{"rendered":"<p>See k\u00e4sitsi maalitud Roheline Tara Thangka ripats on Tiibeti budismi k\u00f5ige austusv\u00e4\u00e4rsem naissoost Buddha, kes kujutab endast kaastunnet ja kaitset, ning on p\u00fchendatud \u00fcksnes naiste turvalisuse, tervise ja emotsionaalse terviklikkuse kaitsmisele. Iga mineraalpigmendi pintslit\u00f5mme rahustab \u00e4revust ja taastab f\u00fc\u00fcsilist eluj\u00f5udu. See on m\u00f5eldud kandmiseks s\u00fcdame l\u00e4hedal, see toimib pideva energeetilise kilbina - olenemata sellest, kas te navigeerite hilis\u00f5htul NYCis, reisite \u00fcksi Dubais v\u00f5i lihtsalt otsite igap\u00e4evast mugavust oma kiiremas elus. See ei ole lihtsalt ehe; see on p\u00fcha liitlane, mis on loodud austama ja kaitsma iga naise unikaalset valgust, kes seda kannab.<\/p>","protected":false},"excerpt":{"rendered":"<p>K\u00e4sitsi maalitud Roheline Tara Thangka amulett, mis on rituaalselt \u00f5nnistatud naiste turvalisuse, emotsionaalse rahu ja f\u00fc\u00fcsilise heaolu eest - teie p\u00fcha kaaslane, et liikuda elus julgelt ja kaitstult.<\/p>","protected":false},"featured_media":575,"comment_status":"open","ping_status":"closed","template":"","meta":[],"product_brand":[],"product_cat":[162],"product_tag":[193,188,186,190,189,191,192,187],"class_list":{"0":"post-581","1":"product","2":"type-product","3":"status-publish","4":"has-post-thumbnail","6":"product_cat-thangka-pendant","7":"product_tag-compassion-pendant","8":"product_tag-female-safety-thangka","9":"product_tag-green-tara-amulet","10":"product_tag-hand-painted-green-tara","11":"product_tag-spiritual-wellbeing-jewelry","12":"product_tag-tibetan-sacred-art","13":"product_tag-womens-health-amulet","14":"product_tag-womens-protection-talisman","16":"first","17":"instock","18":"taxable","19":"shipping-taxable","20":"purchasable","21":"product-type-simple"},"jetpack_sharing_enabled":true,"_links":{"self":[{"href":"https:\/\/hrtcry.com\/et\/wp-json\/wp\/v2\/product\/581","targetHints":{"allow":["GET"]}}],"collection":[{"href":"https:\/\/hrtcry.com\/et\/wp-json\/wp\/v2\/product"}],"about":[{"href":"https:\/\/hrtcry.com\/et\/wp-json\/wp\/v2\/types\/product"}],"replies":[{"embeddable":true,"href":"https:\/\/hrtcry.com\/et\/wp-json\/wp\/v2\/comments?post=581"}],"wp:featuredmedia":[{"embeddable":true,"href":"https:\/\/hrtcry.com\/et\/wp-json\/wp\/v2\/media\/575"}],"wp:attachment":[{"href":"https:\/\/hrtcry.com\/et\/wp-json\/wp\/v2\/media?parent=581"}],"wp:term":[{"taxonomy":"product_brand","embeddable":true,"href":"https:\/\/hrtcry.com\/et\/wp-json\/wp\/v2\/product_brand?post=581"},{"taxonomy":"product_cat","embeddable":true,"href":"https:\/\/hrtcry.com\/et\/wp-json\/wp\/v2\/product_cat?post=581"},{"taxonomy":"product_tag","embeddable":true,"href":"https:\/\/hrtcry.com\/et\/wp-json\/wp\/v2\/product_tag?post=581"}],"curies":[{"name":"wp","href":"https:\/\/api.w.org\/{rel}","templated":true}]}}