{"id":582,"date":"2026-02-05T00:07:29","date_gmt":"2026-02-04T16:07:29","guid":{"rendered":"https:\/\/hrtcry.com\/?post_type=product&#038;p=582"},"modified":"2026-03-31T13:07:00","modified_gmt":"2026-03-31T05:07:00","slug":"enlightened-protection-hand-painted-shakyamuni-buddha-thangka-pendant%ef%bc%8cenlightened-protection","status":"publish","type":"product","link":"https:\/\/hrtcry.com\/et\/toode\/valgustatud-kaitse-kasitsi-maalitud-shakyamuni-buddha-thangka-ripats8valgustatud-kaitse\/","title":{"rendered":"Valgustunud kaitse: Buddha Thangka ripats, valgustatud kaitse: K\u00e4sitsi maalitud Shakyamuni Buddha Thangka ripats."},"content":{"rendered":"<p>Oled v\u00e4sinud pidevast stressist ja sellest, et tunned end Dubai kiire \u00e4rimaailma kaoses v\u00f5i USA linnaelu pideva sebimise t\u00f5ttu oma sisemise rahu kaotatuna? See k\u00e4sitsi maalitud Shakyamuni Buddha Thangka ripats on loodud selleks, et olla teie rahulikuks ankruks. See on valmistatud traditsiooniliste mineraalpigmentidega ja \u00f5nnistatud Tiibeti laulurituaalide abil, ning usutakse, et see puhastab vaimset segadust, leevendab \u00e4revust ja tuletab teile meelde, et te peaksite tagasi p\u00f6\u00f6rduma kohalolekule - isegi oma k\u00f5ige kiirematel p\u00e4evadel. Erinevalt masstoodanguna valmistatud vaimsetest ehetest on iga ese ainulaadne, kandes himaalaja k\u00e4sit\u00f6\u00f6liste kavatsust, kes on p\u00fchendanud aastaid selle p\u00fcha k\u00e4sit\u00f6\u00f6 omandamisele. Kandke seda t\u00e4htsatel kohtumistel, et saavutada meelte selgus, v\u00f5i hoidke seda reisil, et saada vankumatut sisemist j\u00f5udu; see ei ole lihtsalt aksessuaar, vaid igap\u00e4evane t\u00f6\u00f6riist, et taastada oma rahu ja navigeerida elus graatsiliselt.<\/p>","protected":false},"excerpt":{"rendered":"<p>K\u00e4sitsi maalitud Shakyamuni Buddha Thangka amulett, mis on rituaalselt \u00f5nnistatud, et v\u00e4hendada stressi, tuua vaimset selgust ja kinnistada vankumatu sisemine rahu keset t\u00e4nap\u00e4eva elu kaost - teie igap\u00e4evane p\u00fchamu rahulikkuse ja eesm\u00e4rgi saavutamiseks.<\/p>","protected":false},"featured_media":576,"comment_status":"open","ping_status":"closed","template":"","meta":[],"product_brand":[],"product_cat":[162],"product_tag":[201,198,195,197,194,200,199,196],"class_list":{"0":"post-582","1":"product","2":"type-product","3":"status-publish","4":"has-post-thumbnail","6":"product_cat-thangka-pendant","7":"product_tag-calming-energy-pendant","8":"product_tag-hand-painted-sacred-art","9":"product_tag-inner-peace-amulet","10":"product_tag-mental-clarity-talisman","11":"product_tag-shakyamuni-buddha-thangka","12":"product_tag-spiritual-protection-amulet","13":"product_tag-stress-relief-jewelry","14":"product_tag-tibetan-buddha-pendant","16":"first","17":"instock","18":"taxable","19":"shipping-taxable","20":"purchasable","21":"product-type-simple"},"jetpack_sharing_enabled":true,"_links":{"self":[{"href":"https:\/\/hrtcry.com\/et\/wp-json\/wp\/v2\/product\/582","targetHints":{"allow":["GET"]}}],"collection":[{"href":"https:\/\/hrtcry.com\/et\/wp-json\/wp\/v2\/product"}],"about":[{"href":"https:\/\/hrtcry.com\/et\/wp-json\/wp\/v2\/types\/product"}],"replies":[{"embeddable":true,"href":"https:\/\/hrtcry.com\/et\/wp-json\/wp\/v2\/comments?post=582"}],"wp:featuredmedia":[{"embeddable":true,"href":"https:\/\/hrtcry.com\/et\/wp-json\/wp\/v2\/media\/576"}],"wp:attachment":[{"href":"https:\/\/hrtcry.com\/et\/wp-json\/wp\/v2\/media?parent=582"}],"wp:term":[{"taxonomy":"product_brand","embeddable":true,"href":"https:\/\/hrtcry.com\/et\/wp-json\/wp\/v2\/product_brand?post=582"},{"taxonomy":"product_cat","embeddable":true,"href":"https:\/\/hrtcry.com\/et\/wp-json\/wp\/v2\/product_cat?post=582"},{"taxonomy":"product_tag","embeddable":true,"href":"https:\/\/hrtcry.com\/et\/wp-json\/wp\/v2\/product_tag?post=582"}],"curies":[{"name":"wp","href":"https:\/\/api.w.org\/{rel}","templated":true}]}}