{"id":583,"date":"2026-02-05T00:10:28","date_gmt":"2026-02-04T16:10:28","guid":{"rendered":"https:\/\/hrtcry.com\/?post_type=product&#038;p=583"},"modified":"2026-03-31T13:06:48","modified_gmt":"2026-03-31T05:06:48","slug":"zakiram-the-protector-of-fortune-authenticity-hand-painted-thangka-amulet","status":"publish","type":"product","link":"https:\/\/hrtcry.com\/et\/toode\/zakiram-onne-kaitsja-autentsus-kasitsi-maalitud-thangka-amulett\/","title":{"rendered":"Zakiram: Thangka Amulett - K\u00e4sitsi maalitud Thangka Amulett: Fortune ja autentsuse kaitsja"},"content":{"rendered":"<p>Olete v\u00e4sinud v\u00e4simatult t\u00f6\u00f6tamast, ilma et n\u00e4eksite oma \u00e4ri v\u00f5i finantseesm\u00e4rke Dubais konkurentsitihedal turul t\u00f5usta, v\u00f5i tunnete, et USA kiirelt arenevas majanduses libiseb teile alati \u00f5nn l\u00e4bi s\u00f5rmede? See k\u00e4sitsi maalitud Zakiram Thangka ripats on teie salajane relv, mis aitab keerata olukorda. Tiibeti traditsioonis tuntud kui \u201c\u00f5nne- ja kaitsejumalanna\u201d, on see amulett rituaalselt \u00f5nnistatud, et murda l\u00e4bi rahaliste blokeeringute, meelitada ligi ootamatuid v\u00f5imalusi ja kaitsta teie raskelt teenitud rikkust. Erinevalt tavalistest \u00f5nneamulettidest kannab iga pintslit\u00f5mbejoon mineraalpigmendi ja kullaga t\u00e4idetud detailide puhul Himaalaja k\u00e4sit\u00f6\u00f6liste kavatsust, kes on spetsialiseerunud talismanide loomisele teie-sugustele ambitsioonikatele otsijatele. Kandke seda suurte tehingute, oluliste intervjuude v\u00f5i igap\u00e4evaste rutiinide s\u00f5lmimiseks ning laske Zakirami \u00e4gedal ja lojaalsel energial puhastada oma tee p\u00fcsiva k\u00fclluse poole - sest te v\u00e4\u00e4rite, et teie pingutused tasustataks.<\/p>","protected":false},"excerpt":{"rendered":"<p>Rituaalselt \u00f5nnistatud Zakiram Thangka ripats - sinu \u00e4ge liitlane finantsblokeeringute purustamiseks, ootamatute v\u00f5imaluste ligimeelitamiseks ja sinu rikkuse kaitsmiseks sellistel konkurentsiv\u00f5imelistel turgudel nagu Dubai ja USA.<\/p>","protected":false},"featured_media":577,"comment_status":"open","ping_status":"closed","template":"","meta":[],"product_brand":[],"product_cat":[162],"product_tag":[206,207,203,205,204,208,165,202],"class_list":{"0":"post-583","1":"product","2":"type-product","3":"status-publish","4":"has-post-thumbnail","6":"product_cat-thangka-pendant","7":"product_tag-business-success-amulet","8":"product_tag-dubai-wealth-charm","9":"product_tag-financial-protection","10":"product_tag-hand-painted-zakiram","11":"product_tag-tibetan-fortune-talisman","12":"product_tag-us-career-luck-pendant","13":"product_tag-wealth-amulet","14":"product_tag-zakiram-thangka","16":"first","17":"instock","18":"taxable","19":"shipping-taxable","20":"purchasable","21":"product-type-simple"},"jetpack_sharing_enabled":true,"_links":{"self":[{"href":"https:\/\/hrtcry.com\/et\/wp-json\/wp\/v2\/product\/583","targetHints":{"allow":["GET"]}}],"collection":[{"href":"https:\/\/hrtcry.com\/et\/wp-json\/wp\/v2\/product"}],"about":[{"href":"https:\/\/hrtcry.com\/et\/wp-json\/wp\/v2\/types\/product"}],"replies":[{"embeddable":true,"href":"https:\/\/hrtcry.com\/et\/wp-json\/wp\/v2\/comments?post=583"}],"wp:featuredmedia":[{"embeddable":true,"href":"https:\/\/hrtcry.com\/et\/wp-json\/wp\/v2\/media\/577"}],"wp:attachment":[{"href":"https:\/\/hrtcry.com\/et\/wp-json\/wp\/v2\/media?parent=583"}],"wp:term":[{"taxonomy":"product_brand","embeddable":true,"href":"https:\/\/hrtcry.com\/et\/wp-json\/wp\/v2\/product_brand?post=583"},{"taxonomy":"product_cat","embeddable":true,"href":"https:\/\/hrtcry.com\/et\/wp-json\/wp\/v2\/product_cat?post=583"},{"taxonomy":"product_tag","embeddable":true,"href":"https:\/\/hrtcry.com\/et\/wp-json\/wp\/v2\/product_tag?post=583"}],"curies":[{"name":"wp","href":"https:\/\/api.w.org\/{rel}","templated":true}]}}