{"id":584,"date":"2026-02-05T00:13:55","date_gmt":"2026-02-04T16:13:55","guid":{"rendered":"https:\/\/hrtcry.com\/?post_type=product&#038;p=584"},"modified":"2026-03-31T13:06:50","modified_gmt":"2026-03-31T05:06:50","slug":"vitality-shield-hand-painted-medicine-buddha-thangka-for-immune-support-holistic-healing","status":"publish","type":"product","link":"https:\/\/hrtcry.com\/et\/toode\/elujou-kilp-kasitsi-maalitud-meditsiinibuddha-thangka-immuunsusteemi-toetamiseks-terviklikku-tervendamist\/","title":{"rendered":"Eluj\u00f5u kilp: Thangka immuuns\u00fcsteemi toetamiseks ja terviklikuks tervendamiseks: K\u00e4sitsi maalitud meditsiinibuddha Thangka"},"content":{"rendered":"<p>Olete v\u00e4sinud sellest, et tunnete end Dubai halastamatu kuumuse v\u00f5i USA linnaelu pideva sagimise t\u00f5ttu kurnatuna, ilma et teil oleks aega oma keha ja meelt laadida? See k\u00e4sitsi maalitud Meditsiinibuddha Thangka ripats on teie p\u00fchendunud heaolu kaaslane kaasaegses elus. Tiibeti kunstnikud panid iga mineraalpigmendi joone alla, samal ajal kui nad laulsid tervendavaid mantraid, mis t\u00e4idavad selle eseme kavatsusega tugevdada teie immuuns\u00fcsteemi, leevendada igap\u00e4evaseid valusid ja taastada teie keha loomulik tasakaal. Erinevalt \u00fcldistest heaolutehnika ehetest on see amulett kantav lubadus toetusest - hoidke seda pikkade t\u00f6\u00f6p\u00e4evade ajal l\u00e4hedal, et v\u00e4ltida l\u00e4bip\u00f5lemist, v\u00f5i kandke seda reisil olles, et j\u00e4\u00e4da maandatud ja terveks. Iga ese on ainulaadne, kandes endas sajanditevanuste tervendustraditsioonide vaikset j\u00f5udu, mis aitab teil ilmuda oma k\u00f5ige tervema ja energilisema isiksusena.<\/p>","protected":false},"excerpt":{"rendered":"<p>Oled v\u00e4sinud end t\u00fchjaks ja l\u00e4bip\u00f5lenud? See rituaalselt \u00f5nnistatud Medicine Buddha Thangka ripats on teie kaasaskantav heaolukilp, mis on k\u00e4sitsi maalitud, et tugevdada teie immuunsust, leevendada igap\u00e4evast stressi ja taastada teie keha loomulik tasakaal - \u00fcksk\u00f5ik kui kaootiliseks elu ka ei muutu.<\/p>","protected":false},"featured_media":578,"comment_status":"open","ping_status":"closed","template":"","meta":[],"product_brand":[],"product_cat":[162],"product_tag":[210,212,214,213,209,215,156,211],"class_list":{"0":"post-584","1":"product","2":"type-product","3":"status-publish","4":"has-post-thumbnail","6":"product_cat-thangka-pendant","7":"product_tag-healing-thangka","8":"product_tag-health-amulet","9":"product_tag-holistic-healing-charm","10":"product_tag-immune-support-talisman","11":"product_tag-medicine-buddha","12":"product_tag-spiritual-wellness-gift","13":"product_tag-tibetan-art-jewelry","14":"product_tag-wellness-pendant","16":"first","17":"instock","18":"taxable","19":"shipping-taxable","20":"purchasable","21":"product-type-simple"},"jetpack_sharing_enabled":true,"_links":{"self":[{"href":"https:\/\/hrtcry.com\/et\/wp-json\/wp\/v2\/product\/584","targetHints":{"allow":["GET"]}}],"collection":[{"href":"https:\/\/hrtcry.com\/et\/wp-json\/wp\/v2\/product"}],"about":[{"href":"https:\/\/hrtcry.com\/et\/wp-json\/wp\/v2\/types\/product"}],"replies":[{"embeddable":true,"href":"https:\/\/hrtcry.com\/et\/wp-json\/wp\/v2\/comments?post=584"}],"wp:featuredmedia":[{"embeddable":true,"href":"https:\/\/hrtcry.com\/et\/wp-json\/wp\/v2\/media\/578"}],"wp:attachment":[{"href":"https:\/\/hrtcry.com\/et\/wp-json\/wp\/v2\/media?parent=584"}],"wp:term":[{"taxonomy":"product_brand","embeddable":true,"href":"https:\/\/hrtcry.com\/et\/wp-json\/wp\/v2\/product_brand?post=584"},{"taxonomy":"product_cat","embeddable":true,"href":"https:\/\/hrtcry.com\/et\/wp-json\/wp\/v2\/product_cat?post=584"},{"taxonomy":"product_tag","embeddable":true,"href":"https:\/\/hrtcry.com\/et\/wp-json\/wp\/v2\/product_tag?post=584"}],"curies":[{"name":"wp","href":"https:\/\/api.w.org\/{rel}","templated":true}]}}