{"id":585,"date":"2026-02-05T00:17:17","date_gmt":"2026-02-04T16:17:17","guid":{"rendered":"https:\/\/hrtcry.com\/?post_type=product&#038;p=585"},"modified":"2026-03-31T13:07:04","modified_gmt":"2026-03-31T05:07:04","slug":"crisis-proof-your-wealth-hand-painted-yellow-jambhala-thangka-pendant","status":"publish","type":"product","link":"https:\/\/hrtcry.com\/et\/toode\/kriisitoend-oma-rikkust-kasitsi-maalitud-kollane-jambhala-thangka-ripats\/","title":{"rendered":"Kriisikindlus oma rikkusele: Jambhala Thangka Ripats k\u00e4ega maalitud kollane"},"content":{"rendered":"<p>Olete v\u00e4sinud vaatama, kuidas teie raske t\u00f6\u00f6 ei muutu p\u00fcsivaks rikkuseks, v\u00f5i tunnete, et rahalised v\u00f5imalused l\u00e4hevad alati m\u00f6\u00f6da - olgu selleks siis USAs edutamise tagaajamine v\u00f5i Dubais suurte panustega tehingute s\u00f5lmimine? See k\u00e4sitsi maalitud kollane Jambhala Thangka ripats on teie isiklik k\u00fclluse magnet, mis on loodud selleks, et murda l\u00e4bi n\u00e4htamatute blokeeringute, mis takistavad teil saavutada v\u00e4\u00e4rilist j\u00f5ukust. Selle amuleti iga detail on kujundatud p\u00e4ikesekollaste mineraalpigmentidega ja Tiibeti traditsiooniliste \u00f5nnistamisrituaalidega, et meelitada ligi ootamatuid tuulehooge, mitmekordistada teie s\u00e4\u00e4stud ja muuta karj\u00e4\u00e4ririskid tasuvaks kasumiks. Erinevalt masstoodanguna valmistatud \u00f5nneamulettidest on selle teose loonud Himaalaja k\u00e4sit\u00f6\u00f6lised, kes on p\u00fchendanud oma elu Jambhala helduse ja j\u00f5ukuse energia kanaliseerimisele. Kandke seda oma j\u00e4rgmisel suurel kohtumisel, hoidke seda l\u00e4bir\u00e4\u00e4kimiste ajal rahakotis v\u00f5i hoidke seda finantseesm\u00e4rkide seadmise ajal; see ei ole lihtsalt ehe, vaid p\u00fcha leping universumiga, et n\u00f5uda j\u00f5ukust ja turvalisust, mille nimel olete t\u00f6\u00f6tanud.<\/p>","protected":false},"excerpt":{"rendered":"<p>Olete t\u00fcdinenud sellest, et t\u00f6\u00f6tate k\u00f5vasti, kuid n\u00e4ete, kuidas teie s\u00e4\u00e4stud j\u00e4\u00e4vad samaks v\u00f5i v\u00f5imalused j\u00e4\u00e4vad kasutamata? See k\u00e4sitsi maalitud kollane Jambhala amulett on teie otsetee j\u00e4tkusuutliku rikkuse ligimeelitamiseks ja teenitud raha kaitsmiseks - olenemata sellest, kas te s\u00f5lmite tehinguid Dubais v\u00f5i kasvatate oma karj\u00e4\u00e4ri USAs.<\/p>","protected":false},"featured_media":579,"comment_status":"open","ping_status":"closed","template":"","meta":[],"product_brand":[],"product_cat":[162],"product_tag":[220,221,218,219,204,222,217,216],"class_list":{"0":"post-585","1":"product","2":"type-product","3":"status-publish","4":"has-post-thumbnail","6":"product_cat-thangka-pendant","7":"product_tag-abundance-jewelry","8":"product_tag-dubai-wealth-gift","9":"product_tag-financial-luck-pendant","10":"product_tag-hand-painted-prosperity-charm","11":"product_tag-tibetan-fortune-talisman","12":"product_tag-us-career-success-amulet","13":"product_tag-wealth-attraction-amulet","14":"product_tag-yellow-jambhala-thangka","16":"first","17":"instock","18":"taxable","19":"shipping-taxable","20":"purchasable","21":"product-type-simple"},"jetpack_sharing_enabled":true,"_links":{"self":[{"href":"https:\/\/hrtcry.com\/et\/wp-json\/wp\/v2\/product\/585","targetHints":{"allow":["GET"]}}],"collection":[{"href":"https:\/\/hrtcry.com\/et\/wp-json\/wp\/v2\/product"}],"about":[{"href":"https:\/\/hrtcry.com\/et\/wp-json\/wp\/v2\/types\/product"}],"replies":[{"embeddable":true,"href":"https:\/\/hrtcry.com\/et\/wp-json\/wp\/v2\/comments?post=585"}],"wp:featuredmedia":[{"embeddable":true,"href":"https:\/\/hrtcry.com\/et\/wp-json\/wp\/v2\/media\/579"}],"wp:attachment":[{"href":"https:\/\/hrtcry.com\/et\/wp-json\/wp\/v2\/media?parent=585"}],"wp:term":[{"taxonomy":"product_brand","embeddable":true,"href":"https:\/\/hrtcry.com\/et\/wp-json\/wp\/v2\/product_brand?post=585"},{"taxonomy":"product_cat","embeddable":true,"href":"https:\/\/hrtcry.com\/et\/wp-json\/wp\/v2\/product_cat?post=585"},{"taxonomy":"product_tag","embeddable":true,"href":"https:\/\/hrtcry.com\/et\/wp-json\/wp\/v2\/product_tag?post=585"}],"curies":[{"name":"wp","href":"https:\/\/api.w.org\/{rel}","templated":true}]}}