{"id":586,"date":"2026-02-05T00:23:23","date_gmt":"2026-02-04T16:23:23","guid":{"rendered":"https:\/\/hrtcry.com\/?post_type=product&#038;p=586"},"modified":"2026-04-19T16:41:37","modified_gmt":"2026-04-19T08:41:37","slug":"red-fire-quartz-raw-crystal-your-action-catalyst-for-breaking-through-money-creative-blocks","status":"publish","type":"product","link":"https:\/\/hrtcry.com\/et\/toode\/punane-tulekvarts-toorkristall-teie-tegevuse-katalusaator-raha-loominguliste-blokeeringute-labimiseks\/","title":{"rendered":"Punane tulekvarts toorkristall\uff1aAction Catalyst loominguliste ja finantsblokkide l\u00f5hkumiseks"},"content":{"rendered":"<div>Punase tulekvartsi toorkristall on v\u00f5imas tulekeskne kivi, mis on loodud teie sisemise t\u00f5uke s\u00fc\u00fctamiseks, stagnatsiooni lahustamiseks ja teid tagasi hoidvate raskete energiate kustutamiseks.<\/div>\n<div><\/div>\n<div>\n<p>Tuntud kui teie isiklik tegevuskatal\u00fcsaator, see toores tulekvarts sulatab \u00e4ra <strong>loomingulised blokid, rahaline stagnatsioon ja enesekindlus<\/strong>.<\/p>\n<div><\/div>\n<p>See \u00e4ratab julge motivatsiooni, toidab kirge ja tugevdab teie tahtej\u00f5udu, et tegutseda, haarata kinni v\u00f5imalustest ja liikuda enesekindlalt edasi.<\/p>\n<\/div>\n<div><\/div>\n<div>\n<p>Selle intensiivne sooja tule vibratsioon l\u00f5ikab l\u00e4bi aeglase, kinni j\u00e4\u00e4nud energia, eemaldab vaimse udu ja vabastab uued ideed, loomingulise voolu ja raha teenimise potentsiaali.<\/p>\n<div><\/div>\n<p>Ideaalne vahend k\u00f5igile, kes tunnevad end ummikus, motivatsioonita v\u00f5i rahaliste piirangute kordamise l\u00f5ksus.<\/p>\n<\/div>\n<div><\/div>\n<div>\n<p>Kanna v\u00f5i n\u00e4ita seda looduslikku toorkristalli:<\/p>\n<div><\/div>\n<p>\u2705 Murra l\u00e4bi rahaplokkide ja meelita uusi sissetulekuv\u00f5imalusi<\/p>\n<div><\/div>\n<p>\u2705 Taastage loominguline energia ja avage inspireeritud ideed<\/p>\n<div><\/div>\n<p>\u2705 Suurendage julgust, algatusv\u00f5imet ja otsustavat tegutsemist<\/p>\n<div><\/div>\n<p>\u2705 P\u00f5letage negatiivne seisev energia ja aeglased vibratsioonid \u00e4ra.<\/p>\n<div><\/div>\n<p>\u2705 S\u00fc\u00fcta kirg, ambitsioon ja edasine hoog<\/p>\n<\/div>\n<div><\/div>\n<div>Toores, lihvimata ja looduslikult laetud - see punane tulekvarts toob kaasa \u00fcrgse tuleenergia, et viia teie elu, rikkus ja loovus j\u00e4rgmisele tasemele.<\/div>\n<div><\/div>","protected":false},"excerpt":{"rendered":"<p>See Uruguayst p\u00e4rit toores punane tulekvartskristall on teie loomulik katal\u00fcsaator, et p\u00f5letada l\u00e4bi viivitused, k\u00f5rvaldada rahablokid ja s\u00fc\u00fcdata motivatsioon, mis on vajalik teie ideede muutmiseks k\u00e4egakatsutavaks eduks - olgu selleks siis USAs edutamise tagaajamine v\u00f5i Dubais tehingu s\u00f5lmimine.<\/p>","protected":false},"featured_media":587,"comment_status":"open","ping_status":"closed","template":"","meta":[],"product_brand":[],"product_cat":[158,160],"product_tag":[228,229,230,226,227,224,223,225],"class_list":{"0":"post-586","1":"product","2":"type-product","3":"status-publish","4":"has-post-thumbnail","6":"product_cat-energy-crystals","7":"product_cat-raw-crystals","8":"product_tag-abundance-crystal","9":"product_tag-career-success-stone","10":"product_tag-dubai-luxury-crystal","11":"product_tag-energy-booster","12":"product_tag-motivation-talisman","13":"product_tag-raw-crystal","14":"product_tag-red-fire-quartz","15":"product_tag-wealth-crystal","17":"first","18":"instock","19":"sale","20":"taxable","21":"shipping-taxable","22":"purchasable","23":"product-type-simple"},"jetpack_sharing_enabled":true,"_links":{"self":[{"href":"https:\/\/hrtcry.com\/et\/wp-json\/wp\/v2\/product\/586","targetHints":{"allow":["GET"]}}],"collection":[{"href":"https:\/\/hrtcry.com\/et\/wp-json\/wp\/v2\/product"}],"about":[{"href":"https:\/\/hrtcry.com\/et\/wp-json\/wp\/v2\/types\/product"}],"replies":[{"embeddable":true,"href":"https:\/\/hrtcry.com\/et\/wp-json\/wp\/v2\/comments?post=586"}],"wp:featuredmedia":[{"embeddable":true,"href":"https:\/\/hrtcry.com\/et\/wp-json\/wp\/v2\/media\/587"}],"wp:attachment":[{"href":"https:\/\/hrtcry.com\/et\/wp-json\/wp\/v2\/media?parent=586"}],"wp:term":[{"taxonomy":"product_brand","embeddable":true,"href":"https:\/\/hrtcry.com\/et\/wp-json\/wp\/v2\/product_brand?post=586"},{"taxonomy":"product_cat","embeddable":true,"href":"https:\/\/hrtcry.com\/et\/wp-json\/wp\/v2\/product_cat?post=586"},{"taxonomy":"product_tag","embeddable":true,"href":"https:\/\/hrtcry.com\/et\/wp-json\/wp\/v2\/product_tag?post=586"}],"curies":[{"name":"wp","href":"https:\/\/api.w.org\/{rel}","templated":true}]}}