{"id":638,"date":"2026-02-05T22:39:37","date_gmt":"2026-02-05T14:39:37","guid":{"rendered":"https:\/\/hrtcry.com\/?post_type=product&#038;p=638"},"modified":"2026-02-05T22:39:44","modified_gmt":"2026-02-05T14:39:44","slug":"sage-palo-santo-smudge-kit-for-crystal-cleansing-remove-negative-energy-reset-vibrations-for-jewelry-stones","status":"publish","type":"product","link":"https:\/\/hrtcry.com\/et\/toode\/salvei-palo-santo-smudge-komplekt-kristallide-puhastamiseks-eemaldada-negatiivne-energia-reset-vibratsioonid-ehteid-kividele\/","title":{"rendered":"Salvei &amp; Palo Santo Smudge komplekt kristallide puhastamiseks - eemaldage negatiivne energia, l\u00e4htestage vibratsioonid ehetele ja kividele"},"content":{"rendered":"<p>See t\u00e4ielik Smudge-komplekt on spetsiaalselt loodud stagneerunud energia puhastamiseks ja teie kristalliskivide ja -ehete loomuliku eluj\u00f5u taastamiseks. Komplekti kuuluvad s\u00e4\u00e4stvalt toodetud California valge salvei negatiivsuse k\u00f5rvaldamiseks, eetiliselt kogutud Palo Santo puhastamiseks ja vibratsioonide t\u00f5stmiseks, looduslik abalone'i kest tuha p\u00fc\u00fcdmiseks ja kalkunisulg, et puhastus suitsu \u00f5rnalt \u00fcle oma lemmiktehete lehvitada. Olenemata sellest, kas teie kristallid on igap\u00e4evasest kandmisest stressi saanud, kas teised on nendega \u00fcmber k\u00e4inud v\u00f5i vajavad p\u00e4rast intensiivset vaimset t\u00f6\u00f6d taastamist, pakub see komplekt p\u00fcha, kergesti j\u00e4rgitavat rituaali, et taastada nende k\u00f5ige v\u00f5imsam ja t\u00f5husam seisund.<\/p>","protected":false},"excerpt":{"rendered":"<p>K\u00f5ik-\u00fches puhastuskomplekt negatiivse energia puhastamiseks ja teie kristallide ehete laadimiseks, mis sisaldab j\u00e4tkusuutlikult hangitud salveid, palo santo't, abalone'i koorikut ja sulge t\u00e4ielikuks, p\u00fchaks reset-rituaaliks.<\/p>","protected":false},"featured_media":639,"comment_status":"open","ping_status":"closed","template":"","meta":[],"product_brand":[],"product_cat":[232],"product_tag":[243,247,250,245,248,246,244,249],"class_list":{"0":"post-638","1":"product","2":"type-product","3":"status-publish","4":"has-post-thumbnail","6":"product_cat-sound-energy-tools","7":"product_tag-crystal-cleansing-kit","8":"product_tag-crystal-jewelry-care","9":"product_tag-crystal-recharging-set","10":"product_tag-energy-cleansing-tool","11":"product_tag-negative-energy-remover","12":"product_tag-palo-santo-sage-set","13":"product_tag-smudge-kit","14":"product_tag-spiritual-cleansing-kit","16":"first","17":"instock","18":"sale","19":"taxable","20":"shipping-taxable","21":"purchasable","22":"product-type-simple"},"jetpack_sharing_enabled":true,"_links":{"self":[{"href":"https:\/\/hrtcry.com\/et\/wp-json\/wp\/v2\/product\/638","targetHints":{"allow":["GET"]}}],"collection":[{"href":"https:\/\/hrtcry.com\/et\/wp-json\/wp\/v2\/product"}],"about":[{"href":"https:\/\/hrtcry.com\/et\/wp-json\/wp\/v2\/types\/product"}],"replies":[{"embeddable":true,"href":"https:\/\/hrtcry.com\/et\/wp-json\/wp\/v2\/comments?post=638"}],"wp:featuredmedia":[{"embeddable":true,"href":"https:\/\/hrtcry.com\/et\/wp-json\/wp\/v2\/media\/639"}],"wp:attachment":[{"href":"https:\/\/hrtcry.com\/et\/wp-json\/wp\/v2\/media?parent=638"}],"wp:term":[{"taxonomy":"product_brand","embeddable":true,"href":"https:\/\/hrtcry.com\/et\/wp-json\/wp\/v2\/product_brand?post=638"},{"taxonomy":"product_cat","embeddable":true,"href":"https:\/\/hrtcry.com\/et\/wp-json\/wp\/v2\/product_cat?post=638"},{"taxonomy":"product_tag","embeddable":true,"href":"https:\/\/hrtcry.com\/et\/wp-json\/wp\/v2\/product_tag?post=638"}],"curies":[{"name":"wp","href":"https:\/\/api.w.org\/{rel}","templated":true}]}}