{"id":683,"date":"2026-02-09T22:24:05","date_gmt":"2026-02-09T14:24:05","guid":{"rendered":"https:\/\/hrtcry.com\/?post_type=product&#038;p=683"},"modified":"2026-04-19T16:39:59","modified_gmt":"2026-04-19T08:39:59","slug":"us-and-dubai-exclusive-personalized-five-elements-crystal-bracelet-custom-matched-to-your-birth-chart-for-energy-alignment","status":"publish","type":"product","link":"https:\/\/hrtcry.com\/et\/toode\/us-ja-dubai-eksklusiivne-personaliseeritud-viis-elementi-kristall-kaevoru-kohandatud-sobitada-oma-sunnikaardi-energia-joondamine\/","title":{"rendered":"\u2728 USA ja Dubai eksklusiivne: Individuaalne Viie elemendi kristallk\u00e4ev\u00f5ru | kohandatud teie s\u00fcnnikaardile kosmilise energia \u00fchtlustamiseks."},"content":{"rendered":"<div>\n<p><strong>Ainulaadne vaimne talisman, mis on loodud just teie jaoks.<\/strong><\/p>\n<div><\/div>\n<p>See eksklusiivne Viie elemendi kristallk\u00e4ev\u00f5ru on rohkem kui ehe - see on <strong>kosmilise energia t\u00f6\u00f6riist<\/strong> mis on kohandatud teie unikaalse s\u00fcnnikaardi (BaZi) j\u00e4rgi. Iga kristall on valitud k\u00e4sitsi, et \u00fchtlustada teie energiat, tasakaalustada teie t\u0161akraid ja viia teid vastavusse teie elu t\u00f5elise sagedusega, \u00fchendades iidse Ida viie elemendi tarkuse (puit, tuli, maa, metall, vesi) ja isikliku astroloogilise joonduse.<\/p>\n<\/div>\n<div><\/div>\n<div><strong>Miks see on erinev:<\/strong><\/div>\n<div><\/div>\n<ul>\n<li><strong>Kohandatud energia kaardistamine<\/strong>: Meie eksperdid anal\u00fc\u00fcsivad teie s\u00fcnni \u00fcksikasju, et tuvastada teie elementaarsed tugevused, tasakaalustamatus ja energeetilised vajadused.<\/li>\n<li><strong>Viie elemendi harmoonia<\/strong>: Kristallid valitakse puuduliku elemendi taastamiseks, tugevuse suurendamiseks ja eluj\u00f5u (Qi) tasakaalustatud voolu loomiseks.<\/li>\n<li><strong>S\u00fcnnikaardi joondamine<\/strong>: Koosk\u00f5las teie P\u00e4ikese, Kuu, t\u00f5usum\u00e4rkide ja planeetide paigutusega muutub see k\u00e4ev\u00f5ru isiklikuks kosmiliseks ankruks.<\/li>\n<\/ul>\n<div><\/div>\n<div>\n<p><strong>Kanna seda:<\/strong><\/p>\n<div><\/div>\n<p>\u2728 <strong>S\u00fcgav energia tasakaal<\/strong> | \u2728 <strong>Manifestatsioon ja k\u00fcllus<\/strong> | \u2728 <strong>Emotsionaalne tervenemine<\/strong> | \u2728 <strong>Vaimne joondamine<\/strong> | \u2728 <strong>Kaitse ja maandus<\/strong><\/p>\n<\/div>\n<div><\/div>\n<div><strong>USA ja Dubai eksklusiivne<\/strong> - Limiteeritud v\u00e4ljaanne, k\u00e4sitsi valmistatud ja l\u00e4bip\u00f5imunud tahtlikust energiast. See on teie isiklik sild universumi loomuliku harmooniaga.<\/div>","protected":false},"excerpt":{"rendered":"<p>Olete v\u00e4sinud \u00fcldistest kristallidest, mis ei k\u00f5neta teie unikaalset energiat? Meie USA ja Dubai eksklusiivne personaliseeritud Viie elemendi k\u00e4ev\u00f5ru on loodud just teie jaoks - jagage lihtsalt oma s\u00fcnniandmeid ja meie eksperdid valivad k\u00e4sitsi v\u00e4lja teie astroloogilise profiiliga koosk\u00f5las olevad looduslikud kivid, et tasakaalustada teie meelt, edendada teie eesm\u00e4rke ja tuua harmooniat teie kiire eluviisiga. Iga kivi on eetiliselt hangitud ja paelutatud, et v\u00f5imendada positiivsust, olgu see siis edu tagaajamine juhatuses v\u00f5i rahulikkuse otsimine igap\u00e4evases rutiinis.<\/p>","protected":false},"featured_media":684,"comment_status":"open","ping_status":"closed","template":"","meta":[],"product_brand":[],"product_cat":[276],"product_tag":[275,274,272,268,269,267,271,266,270,273],"class_list":{"0":"post-683","1":"product","2":"type-product","3":"status-publish","4":"has-post-thumbnail","6":"product_cat-energy-bracelets","7":"product_tag-astrology-bracelet-gift","8":"product_tag-balance-crystal-bracelet","9":"product_tag-birth-chart-jewelry","10":"product_tag-custom-energy-bracelet","11":"product_tag-dubai-luxury-jewelry","12":"product_tag-five-elements-jewelry","13":"product_tag-healing-crystal-bracelet","14":"product_tag-personalized-crystal-bracelet","15":"product_tag-us-handmade-jewelry","16":"product_tag-wealth-bracelet","18":"first","19":"instock","20":"sale","21":"taxable","22":"shipping-taxable","23":"purchasable","24":"product-type-simple"},"jetpack_sharing_enabled":true,"_links":{"self":[{"href":"https:\/\/hrtcry.com\/et\/wp-json\/wp\/v2\/product\/683","targetHints":{"allow":["GET"]}}],"collection":[{"href":"https:\/\/hrtcry.com\/et\/wp-json\/wp\/v2\/product"}],"about":[{"href":"https:\/\/hrtcry.com\/et\/wp-json\/wp\/v2\/types\/product"}],"replies":[{"embeddable":true,"href":"https:\/\/hrtcry.com\/et\/wp-json\/wp\/v2\/comments?post=683"}],"wp:featuredmedia":[{"embeddable":true,"href":"https:\/\/hrtcry.com\/et\/wp-json\/wp\/v2\/media\/684"}],"wp:attachment":[{"href":"https:\/\/hrtcry.com\/et\/wp-json\/wp\/v2\/media?parent=683"}],"wp:term":[{"taxonomy":"product_brand","embeddable":true,"href":"https:\/\/hrtcry.com\/et\/wp-json\/wp\/v2\/product_brand?post=683"},{"taxonomy":"product_cat","embeddable":true,"href":"https:\/\/hrtcry.com\/et\/wp-json\/wp\/v2\/product_cat?post=683"},{"taxonomy":"product_tag","embeddable":true,"href":"https:\/\/hrtcry.com\/et\/wp-json\/wp\/v2\/product_tag?post=683"}],"curies":[{"name":"wp","href":"https:\/\/api.w.org\/{rel}","templated":true}]}}