{"id":755,"date":"2026-02-14T20:43:50","date_gmt":"2026-02-14T12:43:50","guid":{"rendered":"https:\/\/hrtcry.com\/?post_type=product&#038;p=755"},"modified":"2026-04-19T16:33:59","modified_gmt":"2026-04-19T08:33:59","slug":"pink-cat-eye-attraction-bracelet","status":"publish","type":"product","link":"https:\/\/hrtcry.com\/et\/toode\/roosa-kassi-silmade-atraktsioon-kaevoru\/","title":{"rendered":"\ud83e\uddff Pink Cat-Eye Attraction Bracelet | Sinu talisman armastuse, \u00f5nne ja vastupandamatu magnetismi jaoks."},"content":{"rendered":"<p>Unlock the power of attraction with this Pink Cat-Eye crystal bracelet. Known for its ability to amplify your personal magnetism, it acts as a powerful energetic anchor to draw love, opportunities, and positive synchronicities into your orbit.The unique chatoyant sheen of the cat-eye stone is believed to deflect negativity while enhancing your natural charm. It\u2019s not just jewelry\u2014it\u2019s a tool to align your energy with what you desire, helping you manifest the love and luck you deserve.\u2728 Wear it to feel more confident, radiant, and open to the beautiful things life has in store for you.<\/p>","protected":false},"excerpt":{"rendered":"<p>Ootad ikka veel siirast suhet, kuid ei ole kunagi kohtunud \u00f5ige inimesega? V\u00f5i tunnete end sotsiaalsetes olukordades alati t\u00e4helepanuta j\u00e4etuna ja teil puudub kohalolu? See roosa kassisilmade t\u00f5mbekett on teie eksklusiivne \u2018\u00f5nneloosung\u2019 armastuse ligit\u00f5mbamiseks ja v\u00f5lu suurendamiseks. Roosa kassisilmakivi unikaalne valgus v\u00f5ib pidevalt koguda teie jaoks positiivset romantilist energiat, parandades peenelt teie isiklikku temperamenti ja muutes teid seestpoolt vastupandamatut aurat kiirgama. See ei aita teil mitte ainult kohtuda sama sagedusega siirate partneritega, vaid muudab teid ka sotsiaalses suhtluses enesekindlamaks ja pilkup\u00fc\u00fcdvamaks, muutudes kergesti rahvahulga t\u00e4helepanu keskpunktiks ja avades teile ukse kaunile armastusele.<\/p>","protected":false},"featured_media":757,"comment_status":"open","ping_status":"closed","template":"","meta":[],"product_brand":[],"product_cat":[276],"product_tag":[320,321,319,318,322],"class_list":{"0":"post-755","1":"product","2":"type-product","3":"status-publish","4":"has-post-thumbnail","6":"product_cat-energy-bracelets","7":"product_tag-charm-enhancing-jewelry","8":"product_tag-genuine-relationship-magnet","9":"product_tag-love-attracting-crystal","10":"product_tag-pink-cat-eye-bracelet","11":"product_tag-positive-energy-crystal-bracelet","13":"first","14":"instock","15":"sale","16":"taxable","17":"shipping-taxable","18":"purchasable","19":"product-type-simple"},"jetpack_sharing_enabled":true,"_links":{"self":[{"href":"https:\/\/hrtcry.com\/et\/wp-json\/wp\/v2\/product\/755","targetHints":{"allow":["GET"]}}],"collection":[{"href":"https:\/\/hrtcry.com\/et\/wp-json\/wp\/v2\/product"}],"about":[{"href":"https:\/\/hrtcry.com\/et\/wp-json\/wp\/v2\/types\/product"}],"replies":[{"embeddable":true,"href":"https:\/\/hrtcry.com\/et\/wp-json\/wp\/v2\/comments?post=755"}],"wp:featuredmedia":[{"embeddable":true,"href":"https:\/\/hrtcry.com\/et\/wp-json\/wp\/v2\/media\/757"}],"wp:attachment":[{"href":"https:\/\/hrtcry.com\/et\/wp-json\/wp\/v2\/media?parent=755"}],"wp:term":[{"taxonomy":"product_brand","embeddable":true,"href":"https:\/\/hrtcry.com\/et\/wp-json\/wp\/v2\/product_brand?post=755"},{"taxonomy":"product_cat","embeddable":true,"href":"https:\/\/hrtcry.com\/et\/wp-json\/wp\/v2\/product_cat?post=755"},{"taxonomy":"product_tag","embeddable":true,"href":"https:\/\/hrtcry.com\/et\/wp-json\/wp\/v2\/product_tag?post=755"}],"curies":[{"name":"wp","href":"https:\/\/api.w.org\/{rel}","templated":true}]}}